{"id":7282,"date":"2026-02-16T11:16:35","date_gmt":"2026-02-16T11:16:35","guid":{"rendered":"https:\/\/salusbee.es\/product\/venophyton-capsulas\/"},"modified":"2026-02-16T11:19:48","modified_gmt":"2026-02-16T11:19:48","slug":"venophyton-capsulas","status":"publish","type":"product","link":"https:\/\/salusbee.es\/en\/product\/venophyton-capsulas\/","title":{"rendered":"VENOPHYTON \u2013 CAPSULES"},"content":{"rendered":"<p>VenoPhyton is a\u00a0<strong>natural food supplement<\/strong>\u00a0formulated to\u00a0<strong>improve venous circulation and reduce the feeling of tired legs.<\/strong>\u00a0With extracts of horse chestnut, witch hazel, and ginkgo biloba, it helps reduce swelling, promotes daily comfort, and supports microcirculation \u2013 in 100% vegetable capsules.<\/p>\n","protected":false},"excerpt":{"rendered":"<p>VenoPhyton is a\u00a0<strong>natural food supplement<\/strong>\u00a0formulated to\u00a0<strong>improve venous circulation and reduce the feeling of tired legs.<\/strong>\u00a0With extracts of horse chestnut, witch hazel, and ginkgo biloba, it helps reduce swelling, promotes daily comfort, and supports microcirculation \u2013 in 100% vegetable capsules.<\/p>\n","protected":false},"featured_media":7280,"comment_status":"open","ping_status":"closed","template":"","meta":{"inline_featured_image":false,"iawp_total_views":0},"product_brand":[],"product_cat":[171],"product_tag":[],"class_list":{"0":"post-7282","1":"product","2":"type-product","3":"status-publish","4":"has-post-thumbnail","6":"product_cat-food-supplement","8":"first","9":"instock","10":"taxable","11":"shipping-taxable","12":"purchasable","13":"product-type-simple"},"yoast_head":"<!-- This site is optimized with the Yoast SEO plugin v26.2 - https:\/\/yoast.com\/wordpress\/plugins\/seo\/ -->\n<title>Venophyton - Capsules | Salus Bee<\/title>\n<meta name=\"description\" content=\"VenoPhyton is a natural food supplement formulated to improve venous circulation and reduce the feeling of tired legs. With extracts of horse chestnut, witch hazel, and ginkgo biloba, it helps reduce swelling, promotes daily comfort, and supports microcirculation \u2013 in 100% vegetable capsules.\" \/>\n<meta name=\"robots\" content=\"index, follow, max-snippet:-1, max-image-preview:large, max-video-preview:-1\" \/>\n<link rel=\"canonical\" href=\"https:\/\/salusbee.es\/en\/product\/venophyton-capsulas\/\" \/>\n<meta property=\"og:locale\" content=\"en_US\" \/>\n<meta property=\"og:type\" content=\"article\" \/>\n<meta property=\"og:title\" content=\"Venophyton - Capsules | Salus Bee\" \/>\n<meta property=\"og:description\" content=\"VenoPhyton is a natural food supplement formulated to improve venous circulation and reduce the feeling of tired legs. With extracts of horse chestnut, witch hazel, and ginkgo biloba, it helps reduce swelling, promotes daily comfort, and supports microcirculation \u2013 in 100% vegetable capsules.\" \/>\n<meta property=\"og:url\" content=\"https:\/\/salusbee.es\/en\/product\/venophyton-capsulas\/\" \/>\n<meta property=\"og:site_name\" content=\"Salus Bee\" \/>\n<meta property=\"article:modified_time\" content=\"2026-02-16T11:19:48+00:00\" \/>\n<meta property=\"og:image\" content=\"https:\/\/salusbee.es\/wp-content\/uploads\/2026\/02\/Produtos-20.png\" \/>\n\t<meta property=\"og:image:width\" content=\"2000\" \/>\n\t<meta property=\"og:image:height\" content=\"2000\" \/>\n\t<meta property=\"og:image:type\" content=\"image\/png\" \/>\n<meta name=\"twitter:card\" content=\"summary_large_image\" \/>\n<meta name=\"twitter:label1\" content=\"Est. reading time\" \/>\n\t<meta name=\"twitter:data1\" content=\"1 minute\" \/>\n<script type=\"application\/ld+json\" class=\"yoast-schema-graph\">{\"@context\":\"https:\/\/schema.org\",\"@graph\":[{\"@type\":\"WebPage\",\"@id\":\"https:\/\/salusbee.es\/en\/product\/venophyton-capsulas\/\",\"url\":\"https:\/\/salusbee.es\/en\/product\/venophyton-capsulas\/\",\"name\":\"Venophyton - Capsules | Salus Bee\",\"isPartOf\":{\"@id\":\"https:\/\/salusbee.es\/#website\"},\"primaryImageOfPage\":{\"@id\":\"https:\/\/salusbee.es\/en\/product\/venophyton-capsulas\/#primaryimage\"},\"image\":{\"@id\":\"https:\/\/salusbee.es\/en\/product\/venophyton-capsulas\/#primaryimage\"},\"thumbnailUrl\":\"https:\/\/salusbee.es\/wp-content\/uploads\/2026\/02\/Produtos-20.png\",\"datePublished\":\"2026-02-16T11:16:35+00:00\",\"dateModified\":\"2026-02-16T11:19:48+00:00\",\"description\":\"VenoPhyton is a natural food supplement formulated to improve venous circulation and reduce the feeling of tired legs. With extracts of horse chestnut, witch hazel, and ginkgo biloba, it helps reduce swelling, promotes daily comfort, and supports microcirculation \u2013 in 100% vegetable capsules.\",\"breadcrumb\":{\"@id\":\"https:\/\/salusbee.es\/en\/product\/venophyton-capsulas\/#breadcrumb\"},\"inLanguage\":\"en-US\",\"potentialAction\":[{\"@type\":\"ReadAction\",\"target\":[\"https:\/\/salusbee.es\/en\/product\/venophyton-capsulas\/\"]}]},{\"@type\":\"ImageObject\",\"inLanguage\":\"en-US\",\"@id\":\"https:\/\/salusbee.es\/en\/product\/venophyton-capsulas\/#primaryimage\",\"url\":\"https:\/\/salusbee.es\/wp-content\/uploads\/2026\/02\/Produtos-20.png\",\"contentUrl\":\"https:\/\/salusbee.es\/wp-content\/uploads\/2026\/02\/Produtos-20.png\",\"width\":2000,\"height\":2000,\"caption\":\"VenoPhyton es un complemento alimenticio natural formulado para mejorar la circulaci\u00f3n venosa y reducir la sensaci\u00f3n de piernas cansadas. Con extractos de casta\u00f1o de Indias, hamamelis y ginkgo biloba, ayuda a disminuir la hinchaz\u00f3n, promueve el confort diario y apoya la microcirculaci\u00f3n \u2014 en c\u00e1psulas 100% vegetales.\"},{\"@type\":\"BreadcrumbList\",\"@id\":\"https:\/\/salusbee.es\/en\/product\/venophyton-capsulas\/#breadcrumb\",\"itemListElement\":[{\"@type\":\"ListItem\",\"position\":1,\"name\":\"In\u00edcio\",\"item\":\"https:\/\/salusbee.es\/\"},{\"@type\":\"ListItem\",\"position\":2,\"name\":\"Shop\",\"item\":\"https:\/\/salusbee.es\/en\/shop\/\"},{\"@type\":\"ListItem\",\"position\":3,\"name\":\"VENOPHYTON \u2013 CAPSULES\"}]},{\"@type\":\"WebSite\",\"@id\":\"https:\/\/salusbee.es\/#website\",\"url\":\"https:\/\/salusbee.es\/\",\"name\":\"Salus Bee\",\"description\":\"Produtos da Colmeia\",\"potentialAction\":[{\"@type\":\"SearchAction\",\"target\":{\"@type\":\"EntryPoint\",\"urlTemplate\":\"https:\/\/salusbee.es\/?s={search_term_string}\"},\"query-input\":{\"@type\":\"PropertyValueSpecification\",\"valueRequired\":true,\"valueName\":\"search_term_string\"}}],\"inLanguage\":\"en-US\"}]}<\/script>\n<!-- \/ Yoast SEO plugin. -->","yoast_head_json":{"title":"Venophyton - Capsules | Salus Bee","description":"VenoPhyton is a natural food supplement formulated to improve venous circulation and reduce the feeling of tired legs. With extracts of horse chestnut, witch hazel, and ginkgo biloba, it helps reduce swelling, promotes daily comfort, and supports microcirculation \u2013 in 100% vegetable capsules.","robots":{"index":"index","follow":"follow","max-snippet":"max-snippet:-1","max-image-preview":"max-image-preview:large","max-video-preview":"max-video-preview:-1"},"canonical":"https:\/\/salusbee.es\/en\/product\/venophyton-capsulas\/","og_locale":"en_US","og_type":"article","og_title":"Venophyton - Capsules | Salus Bee","og_description":"VenoPhyton is a natural food supplement formulated to improve venous circulation and reduce the feeling of tired legs. With extracts of horse chestnut, witch hazel, and ginkgo biloba, it helps reduce swelling, promotes daily comfort, and supports microcirculation \u2013 in 100% vegetable capsules.","og_url":"https:\/\/salusbee.es\/en\/product\/venophyton-capsulas\/","og_site_name":"Salus Bee","article_modified_time":"2026-02-16T11:19:48+00:00","og_image":[{"width":2000,"height":2000,"url":"https:\/\/salusbee.es\/wp-content\/uploads\/2026\/02\/Produtos-20.png","type":"image\/png"}],"twitter_card":"summary_large_image","twitter_misc":{"Est. reading time":"1 minute"},"schema":{"@context":"https:\/\/schema.org","@graph":[{"@type":"WebPage","@id":"https:\/\/salusbee.es\/en\/product\/venophyton-capsulas\/","url":"https:\/\/salusbee.es\/en\/product\/venophyton-capsulas\/","name":"Venophyton - Capsules | Salus Bee","isPartOf":{"@id":"https:\/\/salusbee.es\/#website"},"primaryImageOfPage":{"@id":"https:\/\/salusbee.es\/en\/product\/venophyton-capsulas\/#primaryimage"},"image":{"@id":"https:\/\/salusbee.es\/en\/product\/venophyton-capsulas\/#primaryimage"},"thumbnailUrl":"https:\/\/salusbee.es\/wp-content\/uploads\/2026\/02\/Produtos-20.png","datePublished":"2026-02-16T11:16:35+00:00","dateModified":"2026-02-16T11:19:48+00:00","description":"VenoPhyton is a natural food supplement formulated to improve venous circulation and reduce the feeling of tired legs. With extracts of horse chestnut, witch hazel, and ginkgo biloba, it helps reduce swelling, promotes daily comfort, and supports microcirculation \u2013 in 100% vegetable capsules.","breadcrumb":{"@id":"https:\/\/salusbee.es\/en\/product\/venophyton-capsulas\/#breadcrumb"},"inLanguage":"en-US","potentialAction":[{"@type":"ReadAction","target":["https:\/\/salusbee.es\/en\/product\/venophyton-capsulas\/"]}]},{"@type":"ImageObject","inLanguage":"en-US","@id":"https:\/\/salusbee.es\/en\/product\/venophyton-capsulas\/#primaryimage","url":"https:\/\/salusbee.es\/wp-content\/uploads\/2026\/02\/Produtos-20.png","contentUrl":"https:\/\/salusbee.es\/wp-content\/uploads\/2026\/02\/Produtos-20.png","width":2000,"height":2000,"caption":"VenoPhyton es un complemento alimenticio natural formulado para mejorar la circulaci\u00f3n venosa y reducir la sensaci\u00f3n de piernas cansadas. Con extractos de casta\u00f1o de Indias, hamamelis y ginkgo biloba, ayuda a disminuir la hinchaz\u00f3n, promueve el confort diario y apoya la microcirculaci\u00f3n \u2014 en c\u00e1psulas 100% vegetales."},{"@type":"BreadcrumbList","@id":"https:\/\/salusbee.es\/en\/product\/venophyton-capsulas\/#breadcrumb","itemListElement":[{"@type":"ListItem","position":1,"name":"In\u00edcio","item":"https:\/\/salusbee.es\/"},{"@type":"ListItem","position":2,"name":"Shop","item":"https:\/\/salusbee.es\/en\/shop\/"},{"@type":"ListItem","position":3,"name":"VENOPHYTON \u2013 CAPSULES"}]},{"@type":"WebSite","@id":"https:\/\/salusbee.es\/#website","url":"https:\/\/salusbee.es\/","name":"Salus Bee","description":"Produtos da Colmeia","potentialAction":[{"@type":"SearchAction","target":{"@type":"EntryPoint","urlTemplate":"https:\/\/salusbee.es\/?s={search_term_string}"},"query-input":{"@type":"PropertyValueSpecification","valueRequired":true,"valueName":"search_term_string"}}],"inLanguage":"en-US"}]}},"_links":{"self":[{"href":"https:\/\/salusbee.es\/en\/wp-json\/wp\/v2\/product\/7282","targetHints":{"allow":["GET"]}}],"collection":[{"href":"https:\/\/salusbee.es\/en\/wp-json\/wp\/v2\/product"}],"about":[{"href":"https:\/\/salusbee.es\/en\/wp-json\/wp\/v2\/types\/product"}],"replies":[{"embeddable":true,"href":"https:\/\/salusbee.es\/en\/wp-json\/wp\/v2\/comments?post=7282"}],"version-history":[{"count":1,"href":"https:\/\/salusbee.es\/en\/wp-json\/wp\/v2\/product\/7282\/revisions"}],"predecessor-version":[{"id":7283,"href":"https:\/\/salusbee.es\/en\/wp-json\/wp\/v2\/product\/7282\/revisions\/7283"}],"wp:featuredmedia":[{"embeddable":true,"href":"https:\/\/salusbee.es\/en\/wp-json\/wp\/v2\/media\/7280"}],"wp:attachment":[{"href":"https:\/\/salusbee.es\/en\/wp-json\/wp\/v2\/media?parent=7282"}],"wp:term":[{"taxonomy":"product_brand","embeddable":true,"href":"https:\/\/salusbee.es\/en\/wp-json\/wp\/v2\/product_brand?post=7282"},{"taxonomy":"product_cat","embeddable":true,"href":"https:\/\/salusbee.es\/en\/wp-json\/wp\/v2\/product_cat?post=7282"},{"taxonomy":"product_tag","embeddable":true,"href":"https:\/\/salusbee.es\/en\/wp-json\/wp\/v2\/product_tag?post=7282"}],"curies":[{"name":"wp","href":"https:\/\/api.w.org\/{rel}","templated":true}]}}