{"id":7275,"date":"2026-02-16T10:56:53","date_gmt":"2026-02-16T10:56:53","guid":{"rendered":"https:\/\/salusbee.es\/product\/spray-de-propoleo-equinacea-y-miel\/"},"modified":"2026-02-16T11:08:18","modified_gmt":"2026-02-16T11:08:18","slug":"propolis-echinacea-and-honey-spray","status":"publish","type":"product","link":"https:\/\/salusbee.es\/en\/product\/propolis-echinacea-and-honey-spray\/","title":{"rendered":"PROPOLIS, ECHINACEA AND HONEY SPRAY"},"content":{"rendered":"<p>The antibiotic and bactericidal properties of Propolis are now in modern and practical form to take.<br \/>\nIt is worth noting the importance of Echinacea, which for several centuries was used by the Indians of North America for the purpose of healing wounds and wounds.<br \/>\nLater it was introduced in phytotherapy, and is still used today.<br \/>\nEchinacea also has the particularity of making microorganisms less resistant to antibiotics.<\/p>\n<p><strong>It fights diseases of the respiratory, digestive, intestinal, genital, urinary and skin systems (ecquizemas, abrasions), acts as an antimicrobial, antioxidant, antifungal, antihepatotoxic, helps in the fixation of calcium and in the assimilation of Vitamin B3, fights prostate infections and helps with impotence.<br \/>\nExcellent immune system booster (haemoglobin formation and red blood cell renewal).<\/strong><\/p>\n<p><strong>Makings:<\/strong>\u00a0Honey, Pennyroyal Extract, Propolis Extract, Echinacea Extract, Water, Propylene Glycol<\/p>\n<p><strong>Recommended Dose:<\/strong>\u00a0Make 2 sprays, 5 times a day.<br \/>\nDo not exceed the recommended daily dose.<\/p>\n<p><strong>Nutritional Information:<\/strong><\/p>\n<p><img fetchpriority=\"high\" decoding=\"async\" class=\"alignnone size-medium wp-image-3611\" src=\"https:\/\/salusbee.pt\/wp-content\/uploads\/2021\/08\/Spray-195x300.png\" sizes=\"(max-width: 195px) 100vw, 195px\" srcset=\"https:\/\/salusbee.pt\/wp-content\/uploads\/2021\/08\/Spray-195x300.png 195w, https:\/\/salusbee.pt\/wp-content\/uploads\/2021\/08\/Spray-666x1024.png 666w, https:\/\/salusbee.pt\/wp-content\/uploads\/2021\/08\/Spray-768x1180.png 768w, https:\/\/salusbee.pt\/wp-content\/uploads\/2021\/08\/Spray-800x1229.png 800w, https:\/\/salusbee.pt\/wp-content\/uploads\/2021\/08\/Spray.png 868w\" alt=\"\" width=\"195\" height=\"300\" \/><\/p>\n<div class=\"woocommerce-tabs wc-tabs-wrapper\">\n<div id=\"tab-description\" class=\"woocommerce-Tabs-panel woocommerce-Tabs-panel--description panel entry-content wc-tab\" role=\"tabpanel\" aria-labelledby=\"tab-title-description\">\n<p><strong>This product should not be consumed by children under the age of 12 months.<\/strong>\u00a0<strong>Food supplements should not be used as a substitute for a varied and balanced diet and a healthy lifestyle.\u00a0<\/strong><strong>Keep out of reach of children.\u00a0<\/strong><strong>Store in a dry and cool environment.\u00a0<\/strong><strong>Due to the natural characteristics of the plants, it may produce a slight deposit at the bottom of the package.<\/strong><\/p>\n<\/div>\n<\/div>\n","protected":false},"excerpt":{"rendered":"<p>The antibiotic and bactericidal properties of Propolis are now in modern and practical form to take.<\/p>\n<p class=\"x_MsoNormal\">Fights infections caused by bacteria;<\/p>\n<p class=\"x_MsoNormal\">It acts on inflammation of the mucous membranes of the throat and mouth, fights dry cough, halitosis, flu, canker sores, ulcers and is a vigorous stimulant of the immune system.<\/p>\n","protected":false},"featured_media":4726,"comment_status":"open","ping_status":"closed","template":"","meta":{"inline_featured_image":false,"iawp_total_views":0},"product_brand":[],"product_cat":[171],"product_tag":[],"class_list":{"0":"post-7275","1":"product","2":"type-product","3":"status-publish","4":"has-post-thumbnail","6":"product_cat-food-supplement","8":"first","9":"instock","10":"taxable","11":"shipping-taxable","12":"purchasable","13":"product-type-simple"},"yoast_head":"<!-- This site is optimized with the Yoast SEO plugin v26.2 - https:\/\/yoast.com\/wordpress\/plugins\/seo\/ -->\n<title>Propolis, Echinacea and Honey Spray | Salus Bee<\/title>\n<meta name=\"description\" content=\"It acts on inflammation of the mucous membranes of the throat and mouth, fights dry cough, halitosis, flu, canker sores, ulcers and is a vigorous stimulant of the immune system.\" \/>\n<meta name=\"robots\" content=\"index, follow, max-snippet:-1, max-image-preview:large, max-video-preview:-1\" \/>\n<link rel=\"canonical\" href=\"https:\/\/salusbee.es\/en\/product\/propolis-echinacea-and-honey-spray\/\" \/>\n<meta property=\"og:locale\" content=\"en_US\" \/>\n<meta property=\"og:type\" content=\"article\" \/>\n<meta property=\"og:title\" content=\"Propolis, Echinacea and Honey Spray | Salus Bee\" \/>\n<meta property=\"og:description\" content=\"It acts on inflammation of the mucous membranes of the throat and mouth, fights dry cough, halitosis, flu, canker sores, ulcers and is a vigorous stimulant of the immune system.\" \/>\n<meta property=\"og:url\" content=\"https:\/\/salusbee.es\/en\/product\/propolis-echinacea-and-honey-spray\/\" \/>\n<meta property=\"og:site_name\" content=\"Salus Bee\" \/>\n<meta property=\"article:modified_time\" content=\"2026-02-16T11:08:18+00:00\" \/>\n<meta property=\"og:image\" content=\"https:\/\/salusbee.es\/wp-content\/uploads\/2021\/08\/Spray_propolis.png\" \/>\n\t<meta property=\"og:image:width\" content=\"1080\" \/>\n\t<meta property=\"og:image:height\" content=\"1080\" \/>\n\t<meta property=\"og:image:type\" content=\"image\/png\" \/>\n<meta name=\"twitter:card\" content=\"summary_large_image\" \/>\n<meta name=\"twitter:label1\" content=\"Est. reading time\" \/>\n\t<meta name=\"twitter:data1\" content=\"2 minutes\" \/>\n<script type=\"application\/ld+json\" class=\"yoast-schema-graph\">{\"@context\":\"https:\/\/schema.org\",\"@graph\":[{\"@type\":\"WebPage\",\"@id\":\"https:\/\/salusbee.es\/en\/product\/propolis-echinacea-and-honey-spray\/\",\"url\":\"https:\/\/salusbee.es\/en\/product\/propolis-echinacea-and-honey-spray\/\",\"name\":\"Propolis, Echinacea and Honey Spray | Salus Bee\",\"isPartOf\":{\"@id\":\"https:\/\/salusbee.es\/#website\"},\"primaryImageOfPage\":{\"@id\":\"https:\/\/salusbee.es\/en\/product\/propolis-echinacea-and-honey-spray\/#primaryimage\"},\"image\":{\"@id\":\"https:\/\/salusbee.es\/en\/product\/propolis-echinacea-and-honey-spray\/#primaryimage\"},\"thumbnailUrl\":\"https:\/\/salusbee.es\/wp-content\/uploads\/2021\/08\/Spray_propolis.png\",\"datePublished\":\"2026-02-16T10:56:53+00:00\",\"dateModified\":\"2026-02-16T11:08:18+00:00\",\"description\":\"It acts on inflammation of the mucous membranes of the throat and mouth, fights dry cough, halitosis, flu, canker sores, ulcers and is a vigorous stimulant of the immune system.\",\"breadcrumb\":{\"@id\":\"https:\/\/salusbee.es\/en\/product\/propolis-echinacea-and-honey-spray\/#breadcrumb\"},\"inLanguage\":\"en-US\",\"potentialAction\":[{\"@type\":\"ReadAction\",\"target\":[\"https:\/\/salusbee.es\/en\/product\/propolis-echinacea-and-honey-spray\/\"]}]},{\"@type\":\"ImageObject\",\"inLanguage\":\"en-US\",\"@id\":\"https:\/\/salusbee.es\/en\/product\/propolis-echinacea-and-honey-spray\/#primaryimage\",\"url\":\"https:\/\/salusbee.es\/wp-content\/uploads\/2021\/08\/Spray_propolis.png\",\"contentUrl\":\"https:\/\/salusbee.es\/wp-content\/uploads\/2021\/08\/Spray_propolis.png\",\"width\":1080,\"height\":1080,\"caption\":\"Spray de Prop\u00f3leo, Equin\u00e1cea y Miel de Salus Bee: fortalece el sistema inmunol\u00f3gico con ingredientes naturales. Protecci\u00f3n respiratoria, digestiva y de la piel.\"},{\"@type\":\"BreadcrumbList\",\"@id\":\"https:\/\/salusbee.es\/en\/product\/propolis-echinacea-and-honey-spray\/#breadcrumb\",\"itemListElement\":[{\"@type\":\"ListItem\",\"position\":1,\"name\":\"In\u00edcio\",\"item\":\"https:\/\/salusbee.es\/\"},{\"@type\":\"ListItem\",\"position\":2,\"name\":\"Shop\",\"item\":\"https:\/\/salusbee.es\/en\/shop\/\"},{\"@type\":\"ListItem\",\"position\":3,\"name\":\"PROPOLIS, ECHINACEA AND HONEY SPRAY\"}]},{\"@type\":\"WebSite\",\"@id\":\"https:\/\/salusbee.es\/#website\",\"url\":\"https:\/\/salusbee.es\/\",\"name\":\"Salus Bee\",\"description\":\"Produtos da Colmeia\",\"potentialAction\":[{\"@type\":\"SearchAction\",\"target\":{\"@type\":\"EntryPoint\",\"urlTemplate\":\"https:\/\/salusbee.es\/?s={search_term_string}\"},\"query-input\":{\"@type\":\"PropertyValueSpecification\",\"valueRequired\":true,\"valueName\":\"search_term_string\"}}],\"inLanguage\":\"en-US\"}]}<\/script>\n<!-- \/ Yoast SEO plugin. -->","yoast_head_json":{"title":"Propolis, Echinacea and Honey Spray | Salus Bee","description":"It acts on inflammation of the mucous membranes of the throat and mouth, fights dry cough, halitosis, flu, canker sores, ulcers and is a vigorous stimulant of the immune system.","robots":{"index":"index","follow":"follow","max-snippet":"max-snippet:-1","max-image-preview":"max-image-preview:large","max-video-preview":"max-video-preview:-1"},"canonical":"https:\/\/salusbee.es\/en\/product\/propolis-echinacea-and-honey-spray\/","og_locale":"en_US","og_type":"article","og_title":"Propolis, Echinacea and Honey Spray | Salus Bee","og_description":"It acts on inflammation of the mucous membranes of the throat and mouth, fights dry cough, halitosis, flu, canker sores, ulcers and is a vigorous stimulant of the immune system.","og_url":"https:\/\/salusbee.es\/en\/product\/propolis-echinacea-and-honey-spray\/","og_site_name":"Salus Bee","article_modified_time":"2026-02-16T11:08:18+00:00","og_image":[{"width":1080,"height":1080,"url":"https:\/\/salusbee.es\/wp-content\/uploads\/2021\/08\/Spray_propolis.png","type":"image\/png"}],"twitter_card":"summary_large_image","twitter_misc":{"Est. reading time":"2 minutes"},"schema":{"@context":"https:\/\/schema.org","@graph":[{"@type":"WebPage","@id":"https:\/\/salusbee.es\/en\/product\/propolis-echinacea-and-honey-spray\/","url":"https:\/\/salusbee.es\/en\/product\/propolis-echinacea-and-honey-spray\/","name":"Propolis, Echinacea and Honey Spray | Salus Bee","isPartOf":{"@id":"https:\/\/salusbee.es\/#website"},"primaryImageOfPage":{"@id":"https:\/\/salusbee.es\/en\/product\/propolis-echinacea-and-honey-spray\/#primaryimage"},"image":{"@id":"https:\/\/salusbee.es\/en\/product\/propolis-echinacea-and-honey-spray\/#primaryimage"},"thumbnailUrl":"https:\/\/salusbee.es\/wp-content\/uploads\/2021\/08\/Spray_propolis.png","datePublished":"2026-02-16T10:56:53+00:00","dateModified":"2026-02-16T11:08:18+00:00","description":"It acts on inflammation of the mucous membranes of the throat and mouth, fights dry cough, halitosis, flu, canker sores, ulcers and is a vigorous stimulant of the immune system.","breadcrumb":{"@id":"https:\/\/salusbee.es\/en\/product\/propolis-echinacea-and-honey-spray\/#breadcrumb"},"inLanguage":"en-US","potentialAction":[{"@type":"ReadAction","target":["https:\/\/salusbee.es\/en\/product\/propolis-echinacea-and-honey-spray\/"]}]},{"@type":"ImageObject","inLanguage":"en-US","@id":"https:\/\/salusbee.es\/en\/product\/propolis-echinacea-and-honey-spray\/#primaryimage","url":"https:\/\/salusbee.es\/wp-content\/uploads\/2021\/08\/Spray_propolis.png","contentUrl":"https:\/\/salusbee.es\/wp-content\/uploads\/2021\/08\/Spray_propolis.png","width":1080,"height":1080,"caption":"Spray de Prop\u00f3leo, Equin\u00e1cea y Miel de Salus Bee: fortalece el sistema inmunol\u00f3gico con ingredientes naturales. Protecci\u00f3n respiratoria, digestiva y de la piel."},{"@type":"BreadcrumbList","@id":"https:\/\/salusbee.es\/en\/product\/propolis-echinacea-and-honey-spray\/#breadcrumb","itemListElement":[{"@type":"ListItem","position":1,"name":"In\u00edcio","item":"https:\/\/salusbee.es\/"},{"@type":"ListItem","position":2,"name":"Shop","item":"https:\/\/salusbee.es\/en\/shop\/"},{"@type":"ListItem","position":3,"name":"PROPOLIS, ECHINACEA AND HONEY SPRAY"}]},{"@type":"WebSite","@id":"https:\/\/salusbee.es\/#website","url":"https:\/\/salusbee.es\/","name":"Salus Bee","description":"Produtos da Colmeia","potentialAction":[{"@type":"SearchAction","target":{"@type":"EntryPoint","urlTemplate":"https:\/\/salusbee.es\/?s={search_term_string}"},"query-input":{"@type":"PropertyValueSpecification","valueRequired":true,"valueName":"search_term_string"}}],"inLanguage":"en-US"}]}},"_links":{"self":[{"href":"https:\/\/salusbee.es\/en\/wp-json\/wp\/v2\/product\/7275","targetHints":{"allow":["GET"]}}],"collection":[{"href":"https:\/\/salusbee.es\/en\/wp-json\/wp\/v2\/product"}],"about":[{"href":"https:\/\/salusbee.es\/en\/wp-json\/wp\/v2\/types\/product"}],"replies":[{"embeddable":true,"href":"https:\/\/salusbee.es\/en\/wp-json\/wp\/v2\/comments?post=7275"}],"version-history":[{"count":2,"href":"https:\/\/salusbee.es\/en\/wp-json\/wp\/v2\/product\/7275\/revisions"}],"predecessor-version":[{"id":7277,"href":"https:\/\/salusbee.es\/en\/wp-json\/wp\/v2\/product\/7275\/revisions\/7277"}],"wp:featuredmedia":[{"embeddable":true,"href":"https:\/\/salusbee.es\/en\/wp-json\/wp\/v2\/media\/4726"}],"wp:attachment":[{"href":"https:\/\/salusbee.es\/en\/wp-json\/wp\/v2\/media?parent=7275"}],"wp:term":[{"taxonomy":"product_brand","embeddable":true,"href":"https:\/\/salusbee.es\/en\/wp-json\/wp\/v2\/product_brand?post=7275"},{"taxonomy":"product_cat","embeddable":true,"href":"https:\/\/salusbee.es\/en\/wp-json\/wp\/v2\/product_cat?post=7275"},{"taxonomy":"product_tag","embeddable":true,"href":"https:\/\/salusbee.es\/en\/wp-json\/wp\/v2\/product_tag?post=7275"}],"curies":[{"name":"wp","href":"https:\/\/api.w.org\/{rel}","templated":true}]}}